{"id":38,"date":"2026-04-05T11:35:42","date_gmt":"2026-04-05T09:35:42","guid":{"rendered":"http:\/\/www.skalandconseil.com\/index.php\/contact\/"},"modified":"2026-04-16T18:28:49","modified_gmt":"2026-04-16T16:28:49","slug":"contact","status":"publish","type":"page","link":"https:\/\/www.skalandconseil.com\/index.php\/contact\/","title":{"rendered":"Contact"},"content":{"rendered":"\t\t<div data-elementor-type=\"wp-page\" data-elementor-id=\"38\" class=\"elementor elementor-38\" data-elementor-post-type=\"page\">\n\t\t\t\t<div class=\"elementor-element elementor-element-791a38c4 e-con-full e-flex e-con e-parent\" data-id=\"791a38c4\" data-element_type=\"container\" data-e-type=\"container\" data-settings=\"{&quot;background_background&quot;:&quot;classic&quot;}\">\n\t\t\t\t<div class=\"elementor-element elementor-element-7ad4b307 elementor-widget elementor-widget-heading\" data-id=\"7ad4b307\" data-element_type=\"widget\" data-e-type=\"widget\" data-widget_type=\"heading.default\">\n\t\t\t\t\t<h1 class=\"elementor-heading-title elementor-size-default\">Contactez-nous<\/h1>\t\t\t\t<\/div>\n\t\t\t\t<div class=\"elementor-element elementor-element-3325db4a elementor-widget__width-initial elementor-invisible elementor-widget elementor-widget-text-editor\" data-id=\"3325db4a\" data-element_type=\"widget\" data-e-type=\"widget\" data-settings=\"{&quot;_animation&quot;:&quot;fadeIn&quot;,&quot;_animation_delay&quot;:300}\" data-widget_type=\"text-editor.default\">\n\t\t\t\t\t\t\t\t\t<p>Un premier contact, sans aucun engagement. Nous saurons vous dire si nous pouvons \u00eatre \u00e0 vos c\u00f4t\u00e9s et vous accompagner<\/p>\t\t\t\t\t\t\t\t<\/div>\n\t\t\t\t<\/div>\n\t\t<div class=\"elementor-element elementor-element-16153fa8 e-flex e-con-boxed e-con e-parent\" data-id=\"16153fa8\" data-element_type=\"container\" data-e-type=\"container\">\n\t\t\t\t\t<div class=\"e-con-inner\">\n\t\t<div class=\"elementor-element elementor-element-3ec55900 e-con-full e-flex e-con e-child\" data-id=\"3ec55900\" data-element_type=\"container\" data-e-type=\"container\">\n\t\t<div class=\"elementor-element elementor-element-2947bd59 e-flex e-con-boxed e-con e-child\" data-id=\"2947bd59\" data-element_type=\"container\" data-e-type=\"container\">\n\t\t\t\t\t<div class=\"e-con-inner\">\n\t\t\t\t<div class=\"elementor-element elementor-element-69a7f98c elementor-widget elementor-widget-heading\" data-id=\"69a7f98c\" data-element_type=\"widget\" data-e-type=\"widget\" data-widget_type=\"heading.default\">\n\t\t\t\t\t<h2 class=\"elementor-heading-title elementor-size-default\">Un aveu : nous d\u00e9testons les visioconf\u00e9rences... <\/h2>\t\t\t\t<\/div>\n\t\t\t\t<div class=\"elementor-element elementor-element-61939b elementor-widget elementor-widget-text-editor\" data-id=\"61939b\" data-element_type=\"widget\" data-e-type=\"widget\" data-widget_type=\"text-editor.default\">\n\t\t\t\t\t\t\t\t\t<p>Bien s\u00fbr, c&rsquo;est pratique et il nous arrive d&rsquo;en faire&#8230; Mais nous sommes intimement convaincus qu&rsquo;il est n\u00e9cessaire de se voir \u00ab\u00a0en vrai\u00a0\u00bb pour bien se comprendre.\u00a0<\/p><p>Nous avons un immense plaisir \u00e0 nous d\u00e9placer sur votre lieu de travail. Rien n&rsquo;a \u00e9t\u00e9 invent\u00e9 de mieux que le contact humain pour bien cerner vos enjeux et partager nos ressentis.<\/p><p>Pour des raisons de confidentialit\u00e9, nous saurons nous rendre disponibles en dehors des heures de bureau.\u00a0<\/p>\t\t\t\t\t\t\t\t<\/div>\n\t\t\t\t\t<\/div>\n\t\t\t\t<\/div>\n\t\t<div class=\"elementor-element elementor-element-342491c5 e-con-full e-flex e-con e-child\" data-id=\"342491c5\" data-element_type=\"container\" data-e-type=\"container\">\n\t\t<div class=\"elementor-element elementor-element-2cf800cb e-con-full e-flex e-con e-child\" data-id=\"2cf800cb\" data-element_type=\"container\" data-e-type=\"container\">\n\t\t\t\t<div class=\"elementor-element elementor-element-176c1f1d elementor-widget elementor-widget-heading\" data-id=\"176c1f1d\" data-element_type=\"widget\" data-e-type=\"widget\" data-widget_type=\"heading.default\">\n\t\t\t\t\t<p class=\"elementor-heading-title elementor-size-default\">06 20 88 77 99<\/p>\t\t\t\t<\/div>\n\t\t\t\t<div class=\"elementor-element elementor-element-0ef85c2 elementor-view-default elementor-position-block-start elementor-mobile-position-block-start elementor-widget elementor-widget-icon-box\" data-id=\"0ef85c2\" data-element_type=\"widget\" data-e-type=\"widget\" data-widget_type=\"icon-box.default\">\n\t\t\t\t\t\t\t<div class=\"elementor-icon-box-wrapper\">\n\n\t\t\t\t\t\t<div class=\"elementor-icon-box-icon\">\n\t\t\t\t<span  class=\"elementor-icon\">\n\t\t\t\t<svg aria-hidden=\"true\" class=\"e-font-icon-svg e-fas-phone\" viewBox=\"0 0 512 512\" xmlns=\"http:\/\/www.w3.org\/2000\/svg\"><path d=\"M493.4 24.6l-104-24c-11.3-2.6-22.9 3.3-27.5 13.9l-48 112c-4.2 9.8-1.4 21.3 6.9 28l60.6 49.6c-36 76.7-98.9 140.5-177.2 177.2l-49.6-60.6c-6.8-8.3-18.2-11.1-28-6.9l-112 48C3.9 366.5-2 378.1.6 389.4l24 104C27.1 504.2 36.7 512 48 512c256.1 0 464-207.5 464-464 0-11.2-7.7-20.9-18.6-23.4z\"><\/path><\/svg>\t\t\t\t<\/span>\n\t\t\t<\/div>\n\t\t\t\n\t\t\t\n\t\t<\/div>\n\t\t\t\t\t\t<\/div>\n\t\t\t\t<\/div>\n\t\t<div class=\"elementor-element elementor-element-5bf6ed7e e-con-full e-flex e-con e-child\" data-id=\"5bf6ed7e\" data-element_type=\"container\" data-e-type=\"container\" data-settings=\"{&quot;shape_divider_top&quot;:&quot;waves&quot;}\">\n\t\t\t\t<div class=\"elementor-shape elementor-shape-top\" aria-hidden=\"true\" data-negative=\"false\">\n\t\t\t<svg xmlns=\"http:\/\/www.w3.org\/2000\/svg\" viewBox=\"0 0 1000 100\" preserveAspectRatio=\"none\">\n\t<path class=\"elementor-shape-fill\" d=\"M421.9,6.5c22.6-2.5,51.5,0.4,75.5,5.3c23.6,4.9,70.9,23.5,100.5,35.7c75.8,32.2,133.7,44.5,192.6,49.7\n\tc23.6,2.1,48.7,3.5,103.4-2.5c54.7-6,106.2-25.6,106.2-25.6V0H0v30.3c0,0,72,32.6,158.4,30.5c39.2-0.7,92.8-6.7,134-22.4\n\tc21.2-8.1,52.2-18.2,79.7-24.2C399.3,7.9,411.6,7.5,421.9,6.5z\"\/>\n<\/svg>\t\t<\/div>\n\t\t\t\t<div class=\"elementor-element elementor-element-25a8e9c elementor-view-default elementor-position-block-start elementor-mobile-position-block-start elementor-widget elementor-widget-icon-box\" data-id=\"25a8e9c\" data-element_type=\"widget\" data-e-type=\"widget\" data-widget_type=\"icon-box.default\">\n\t\t\t\t\t\t\t<div class=\"elementor-icon-box-wrapper\">\n\n\t\t\t\t\t\t<div class=\"elementor-icon-box-icon\">\n\t\t\t\t<span  class=\"elementor-icon\">\n\t\t\t\t<svg aria-hidden=\"true\" class=\"e-font-icon-svg e-fas-laptop-house\" viewBox=\"0 0 640 512\" xmlns=\"http:\/\/www.w3.org\/2000\/svg\"><path d=\"M272,288H208a16,16,0,0,1-16-16V208a16,16,0,0,1,16-16h64a16,16,0,0,1,16,16v37.12C299.11,232.24,315,224,332.8,224H469.74l6.65-7.53A16.51,16.51,0,0,0,480,207a16.31,16.31,0,0,0-4.75-10.61L416,144V48a16,16,0,0,0-16-16H368a16,16,0,0,0-16,16V87.3L263.5,8.92C258,4,247.45,0,240.05,0s-17.93,4-23.47,8.92L4.78,196.42A16.15,16.15,0,0,0,0,207a16.4,16.4,0,0,0,3.55,9.39L22.34,237.7A16.22,16.22,0,0,0,33,242.48,16.51,16.51,0,0,0,42.34,239L64,219.88V384a32,32,0,0,0,32,32H272ZM629.33,448H592V288c0-17.67-12.89-32-28.8-32H332.8c-15.91,0-28.8,14.33-28.8,32V448H266.67A10.67,10.67,0,0,0,256,458.67v10.66A42.82,42.82,0,0,0,298.6,512H597.4A42.82,42.82,0,0,0,640,469.33V458.67A10.67,10.67,0,0,0,629.33,448ZM544,448H352V304H544Z\"><\/path><\/svg>\t\t\t\t<\/span>\n\t\t\t<\/div>\n\t\t\t\n\t\t\t\n\t\t<\/div>\n\t\t\t\t\t\t<\/div>\n\t\t\t\t<div class=\"elementor-element elementor-element-145dd28a elementor-widget elementor-widget-heading\" data-id=\"145dd28a\" data-element_type=\"widget\" data-e-type=\"widget\" data-widget_type=\"heading.default\">\n\t\t\t\t\t<p class=\"elementor-heading-title elementor-size-default\">8 avenue de la Ch\u00e9naye    \n44100 NANTES<\/p>\t\t\t\t<\/div>\n\t\t\t\t<div class=\"elementor-element elementor-element-6e36bfc elementor-widget elementor-widget-heading\" data-id=\"6e36bfc\" data-element_type=\"widget\" data-e-type=\"widget\" data-widget_type=\"heading.default\">\n\t\t\t\t\t<p class=\"elementor-heading-title elementor-size-default\">\n<\/p>\t\t\t\t<\/div>\n\t\t\t\t<\/div>\n\t\t<div class=\"elementor-element elementor-element-3730af4c e-con-full e-flex e-con e-child\" data-id=\"3730af4c\" data-element_type=\"container\" data-e-type=\"container\">\n\t\t\t\t<div class=\"elementor-element elementor-element-26b721a elementor-view-default elementor-position-block-start elementor-mobile-position-block-start elementor-widget elementor-widget-icon-box\" data-id=\"26b721a\" data-element_type=\"widget\" data-e-type=\"widget\" data-widget_type=\"icon-box.default\">\n\t\t\t\t\t\t\t<div class=\"elementor-icon-box-wrapper\">\n\n\t\t\t\t\t\t<div class=\"elementor-icon-box-icon\">\n\t\t\t\t<span  class=\"elementor-icon\">\n\t\t\t\t<svg aria-hidden=\"true\" class=\"e-font-icon-svg e-fas-mail-bulk\" viewBox=\"0 0 576 512\" xmlns=\"http:\/\/www.w3.org\/2000\/svg\"><path d=\"M160 448c-25.6 0-51.2-22.4-64-32-64-44.8-83.2-60.8-96-70.4V480c0 17.67 14.33 32 32 32h256c17.67 0 32-14.33 32-32V345.6c-12.8 9.6-32 25.6-96 70.4-12.8 9.6-38.4 32-64 32zm128-192H32c-17.67 0-32 14.33-32 32v16c25.6 19.2 22.4 19.2 115.2 86.4 9.6 6.4 28.8 25.6 44.8 25.6s35.2-19.2 44.8-22.4c92.8-67.2 89.6-67.2 115.2-86.4V288c0-17.67-14.33-32-32-32zm256-96H224c-17.67 0-32 14.33-32 32v32h96c33.21 0 60.59 25.42 63.71 57.82l.29-.22V416h192c17.67 0 32-14.33 32-32V192c0-17.67-14.33-32-32-32zm-32 128h-64v-64h64v64zm-352-96c0-35.29 28.71-64 64-64h224V32c0-17.67-14.33-32-32-32H96C78.33 0 64 14.33 64 32v192h96v-32z\"><\/path><\/svg>\t\t\t\t<\/span>\n\t\t\t<\/div>\n\t\t\t\n\t\t\t\n\t\t<\/div>\n\t\t\t\t\t\t<\/div>\n\t\t\t\t<div class=\"elementor-element elementor-element-98b86b4 elementor-widget__width-initial elementor-widget elementor-widget-heading\" data-id=\"98b86b4\" data-element_type=\"widget\" data-e-type=\"widget\" data-widget_type=\"heading.default\">\n\t\t\t\t\t<p class=\"elementor-heading-title elementor-size-default\">contact\n@skalandconseil.com<\/p>\t\t\t\t<\/div>\n\t\t\t\t<\/div>\n\t\t\t\t<\/div>\n\t\t\t\t<\/div>\n\t\t<div class=\"elementor-element elementor-element-57c883b2 e-con-full e-flex e-con e-child\" data-id=\"57c883b2\" data-element_type=\"container\" data-e-type=\"container\">\n\t\t<form class=\"e-con e-atomic-element e-form-base form-state-default \"\n      data-id=\"05b19c9\"\n      data-element_type=\"e-form\"\n      data-e-type=\"e-form\"\n      data-interaction-id=\"05b19c9\"\n      data-interactions=\"null\"\n      x-data=\"eForm05b19c9\"\n      x-on:submit=\"submit\"      aria-label=\"Formulaire\"\n      data-form-name=\"Formulaire\"\n      >\n    \t\t\t<label \n\t\n\tclass=\"e-8692772-6ad8aa1 e-form-label-base\"\n\tfor=e-form-first-name\n\tdata-interaction-id=\"8692772\"\n\tdata-e-type=\"widget\" data-id=\"8692772\"\n\t\n>Pr\u00e9nom<\/label>\n\t\t\t\t\t<input \n\tid=e-form-first-name\n\tname=e-form-first-name\n\tclass=\"e-442170f-bab3173 e-form-input-base\"\n\ttype=\"text\"\n\tdata-interaction-id=\"442170f\"\n\tdata-e-type=\"widget\" data-id=\"442170f\" \n\t\n\tplaceholder=Pr&#x00E9;nom\n\t\n\t\n\/>\n\t\t\t\t\t<label \n\t\n\tclass=\"e-356f0c3-41cadc4 e-form-label-base\"\n\tfor=e-form-last-name\n\tdata-interaction-id=\"356f0c3\"\n\tdata-e-type=\"widget\" data-id=\"356f0c3\"\n\t\n> Nom<\/label>\n\t\t\t\t\t<input \n\tid=e-form-last-name\n\tname=e-form-last-name\n\tclass=\"e-form-input-base\"\n\ttype=\"text\"\n\tdata-interaction-id=\"6c829a2\"\n\tdata-e-type=\"widget\" data-id=\"6c829a2\" \n\t\n\tplaceholder=Nom\n\t\n\t\n\/>\n\t\t\t\t\t<label \n\t\n\tclass=\"e-12277bb-13d73b7 e-form-label-base\"\n\tfor=e-form-email\n\tdata-interaction-id=\"12277bb\"\n\tdata-e-type=\"widget\" data-id=\"12277bb\"\n\t\n>E-mail<\/label>\n\t\t\t\t\t<input \n\tid=e-form-email\n\tname=e-form-email\n\tclass=\"e-form-input-base\"\n\ttype=\"email\"\n\tdata-interaction-id=\"99ef787\"\n\tdata-e-type=\"widget\" data-id=\"99ef787\" \n\t\n\tplaceholder=votre&#x40;mail.com\n\t\n\t\n\/>\n\t\t\t\t\t<label \n\t\n\tclass=\"e-64b6da7-a67954e e-form-label-base\"\n\tfor=e-form-message\n\tdata-interaction-id=\"64b6da7\"\n\tdata-e-type=\"widget\" data-id=\"64b6da7\"\n\t\n>Message<\/label>\n\t\t\t\t\t<textarea\t\n\tid=e-form-message\n\tname=e-form-message\n\tclass=\"e-form-textarea-base\"\n\tdata-interaction-id=\"83b3ad5\"\n\tdata-e-type=\"widget\" data-id=\"83b3ad5\"\n\t\n\tplaceholder=Votre&#x20;message\n\t\n\t\n\trows=4\n\t\n\t\n\tdata-resizable\n><\/textarea>\n\t\t\t\t<div class=\"elementor-element elementor-element-da2aa1c e-con e-atomic-element e-flexbox-base e-form-checkbox-row\" data-id=\"da2aa1c\" data-element_type=\"e-flexbox\" data-e-type=\"e-flexbox\" data-interaction-id=\"da2aa1c\" data-e-type=\"e-flexbox\" data-id=\"da2aa1c\">\n\t\t\t\t\t<input \n\tid=e-form-checkbox\n\tname=checkbox_e-form-checkbox\n\t\n\tclass=\"\"\n\ttype=\"checkbox\"\n\tdata-interaction-id=\"31059e4\"\n\tdata-e-type=\"widget\" data-id=\"31059e4\" \n\t\n\t\n\t\n\t\n\/>\n\t\t\t\t\t<label \n\t\n\tclass=\"e-b2b42bb-6a80909 e-form-label-base\"\n\tfor=e-form-checkbox\n\tdata-interaction-id=\"b2b42bb\"\n\tdata-e-type=\"widget\" data-id=\"b2b42bb\"\n\t\n>Je reconnais accepter que les informations saisies dans ce formulaire soient transmises \u00e0 Skaland Conseil aux seules fins de traitement de ma demande de contact. Ces donn\u00e9es ne seront ni c\u00e9d\u00e9es ni transmises \u00e0 des tiers. Conform\u00e9ment au RGPD, je dispose d'un droit d'acc\u00e8s, de rectification et de suppression de mes donn\u00e9es en \u00e9crivant \u00e0 <a target=\"_blank\" href=\"mailto:hpourailly@skalandconseil.com\">contact@skalandconseil.com<\/a><\/label>\n\t\t\t\t<\/div>\n\t\t\t\t\t<button \n\t\n\tclass=\"e-form-submit-button-base\"\n\ttype=\"submit\"\n\tdata-interaction-id=\"a2b7ef6\"\n\tdata-e-type=\"widget\" data-id=\"a2b7ef6\"\n\t\n>Submit<\/button>\n\t\t<div class=\"e-con e-atomic-element e-form-success-message-base message-success \"\n     data-id=\"5335e39\"\n     data-element_type=\"e-form-success-message\"\n     data-e-type=\"e-form-success-message\"\n     data-interaction-id=\"5335e39\"\n     >\n    \t\t\t\t\t\t<p class=\"e-paragraph-base\" data-interaction-id=\"565bb70\"  data-e-type=\"widget\" data-id=\"565bb70\">\n\t\t\t\t\t\t\t\tParfait\u00a0! Nous avons bien re\u00e7u vos informations.\n\t\t\t\t\t<\/p>\n\t\t\n<\/div>\n<div class=\"e-con e-atomic-element e-form-error-message-base message-error \"\n     data-id=\"b6f0534\"\n     data-element_type=\"e-form-error-message\"\n     data-e-type=\"e-form-error-message\"\n     data-interaction-id=\"b6f0534\"\n     >\n    \t\t\t\t\t\t<p class=\"e-paragraph-base\" data-interaction-id=\"c925c16\"  data-e-type=\"widget\" data-id=\"c925c16\">\n\t\t\t\t\t\t\t\tNous n\u2019avons pas pu traiter votre envoi. Veuillez r\u00e9essayer\n\t\t\t\t\t<\/p>\n\t\t\n<\/div>\n\n<\/form>\n\t\t<\/div>\n\t\t\t\t\t<\/div>\n\t\t\t\t<\/div>\n\t\t\t\t<\/div>\n\t\t","protected":false},"excerpt":{"rendered":"<p>Contactez-nous Un premier contact, sans aucun engagement. Nous saurons vous dire si nous pouvons \u00eatre \u00e0 vos c\u00f4t\u00e9s et vous accompagner Un aveu : nous d\u00e9testons les visioconf\u00e9rences&#8230; Bien s\u00fbr, c&rsquo;est pratique et il nous arrive d&rsquo;en faire&#8230; Mais nous sommes intimement convaincus qu&rsquo;il est n\u00e9cessaire de se voir \u00ab\u00a0en vrai\u00a0\u00bb pour bien se comprendre.\u00a0 [&hellip;]<\/p>\n","protected":false},"author":1,"featured_media":42,"parent":0,"menu_order":0,"comment_status":"closed","ping_status":"closed","template":"elementor_header_footer","meta":{"_angie_page":false,"footnotes":""},"class_list":["post-38","page","type-page","status-publish","has-post-thumbnail","hentry"],"_links":{"self":[{"href":"https:\/\/www.skalandconseil.com\/index.php\/wp-json\/wp\/v2\/pages\/38","targetHints":{"allow":["GET"]}}],"collection":[{"href":"https:\/\/www.skalandconseil.com\/index.php\/wp-json\/wp\/v2\/pages"}],"about":[{"href":"https:\/\/www.skalandconseil.com\/index.php\/wp-json\/wp\/v2\/types\/page"}],"author":[{"embeddable":true,"href":"https:\/\/www.skalandconseil.com\/index.php\/wp-json\/wp\/v2\/users\/1"}],"replies":[{"embeddable":true,"href":"https:\/\/www.skalandconseil.com\/index.php\/wp-json\/wp\/v2\/comments?post=38"}],"version-history":[{"count":70,"href":"https:\/\/www.skalandconseil.com\/index.php\/wp-json\/wp\/v2\/pages\/38\/revisions"}],"predecessor-version":[{"id":640,"href":"https:\/\/www.skalandconseil.com\/index.php\/wp-json\/wp\/v2\/pages\/38\/revisions\/640"}],"wp:featuredmedia":[{"embeddable":true,"href":"https:\/\/www.skalandconseil.com\/index.php\/wp-json\/wp\/v2\/media\/42"}],"wp:attachment":[{"href":"https:\/\/www.skalandconseil.com\/index.php\/wp-json\/wp\/v2\/media?parent=38"}],"curies":[{"name":"wp","href":"https:\/\/api.w.org\/{rel}","templated":true}]}}