{"id":58,"date":"2026-04-05T11:35:46","date_gmt":"2026-04-05T09:35:46","guid":{"rendered":"http:\/\/www.skalandconseil.com\/index.php\/about\/"},"modified":"2026-04-16T16:48:39","modified_gmt":"2026-04-16T14:48:39","slug":"about","status":"publish","type":"page","link":"https:\/\/www.skalandconseil.com\/index.php\/about\/","title":{"rendered":"About"},"content":{"rendered":"\t\t<div data-elementor-type=\"wp-page\" data-elementor-id=\"58\" class=\"elementor elementor-58\" data-elementor-post-type=\"page\">\n\t\t\t\t<div class=\"elementor-element elementor-element-undefined-1c931e0 e-flex e-con-boxed e-con e-parent\" data-id=\"undefined-1c931e0\" data-element_type=\"container\" data-e-type=\"container\">\n\t\t\t\t\t<div class=\"e-con-inner\">\n\t\t<div class=\"elementor-element elementor-element-undefined-a898174 e-con-full e-flex e-con e-child\" data-id=\"undefined-a898174\" data-element_type=\"container\" data-e-type=\"container\">\n\t\t\t\t<div class=\"elementor-element elementor-element-undefined-895c651 elementor-widget elementor-widget-heading\" data-id=\"undefined-895c651\" data-element_type=\"widget\" data-e-type=\"widget\" data-widget_type=\"heading.default\">\n\t\t\t\t\t<h2 class=\"elementor-heading-title elementor-size-default\">Qui sommes-nous ? <\/h2>\t\t\t\t<\/div>\n\t\t\t\t<\/div>\n\t\t<div class=\"elementor-element elementor-element-undefined-3bb8825 e-con-full e-flex e-con e-child\" data-id=\"undefined-3bb8825\" data-element_type=\"container\" data-e-type=\"container\">\n\t\t\t\t<div class=\"elementor-element elementor-element-undefined-b19ffb4 elementor-widget elementor-widget-text-editor\" data-id=\"undefined-b19ffb4\" data-element_type=\"widget\" data-e-type=\"widget\" data-widget_type=\"text-editor.default\">\n\t\t\t\t\t\t\t\t\t<p>Si vous consultez cette page, c&rsquo;est que nous partageons probablement un certain nombre de valeurs et d&rsquo;exp\u00e9riences de vie. Un \u00ab\u00a0patron\u00a0\u00bb a ceci de particulier qu&rsquo;il ne peut que rarement se confier \u00e0 ses pairs. Il ne peut pas non plus d\u00e9missionner. Il est certes Dirigeant de son entreprise, mais doit cependant composer en permanence avec tout le monde. Si vous vivez tout cel\u00e0, alors sachez que nous sommes faits pour nous comprendre.\u00a0<\/p>\t\t\t\t\t\t\t\t<\/div>\n\t\t\t\t<\/div>\n\t\t\t\t\t<\/div>\n\t\t\t\t<\/div>\n\t\t<div class=\"elementor-element elementor-element-d2838e5 e-flex e-con-boxed e-con e-parent\" data-id=\"d2838e5\" data-element_type=\"container\" data-e-type=\"container\">\n\t\t\t\t\t<div class=\"e-con-inner\">\n\t\t<div class=\"elementor-element elementor-element-cd41217 e-con-full e-flex e-con e-child\" data-id=\"cd41217\" data-element_type=\"container\" data-e-type=\"container\">\n\t\t\t\t\t\t\t\n\t\t<img class=\"e-image-base e-95ff44a-469a5f5\" \n\t\t\t\t\tdata-interaction-id=\"95ff44a\" \n\t\t \n\t\t data-e-type=\"widget\" data-id=\"95ff44a\"\n\t\t\t\t\t\t\t\t\tid=\"178\"\n\t\t\t\t\t\t\t\t\t\t\t\tsrc=\"https:\/\/www.skalandconseil.com\/wp-content\/uploads\/2026\/04\/B1C634DA-4079-4164-994E-D6EB16D56C27_1_105_c.jpeg\"\n\t\t\t\t\t\t\t\t\t\t\t\twidth=\"768\"\n\t\t\t\t\t\t\t\t\t\t\t\theight=\"1024\"\n\t\t\t\t\t\t\t\t\t\t\t\tsrcset=\"https:\/\/www.skalandconseil.com\/wp-content\/uploads\/2026\/04\/B1C634DA-4079-4164-994E-D6EB16D56C27_1_105_c.jpeg 768w, https:\/\/www.skalandconseil.com\/wp-content\/uploads\/2026\/04\/B1C634DA-4079-4164-994E-D6EB16D56C27_1_105_c-225x300.jpeg 225w\"\n\t\t\t\t\t\t\t\t\t\t\t\talt=\"\"\n\t\t\t\t\t\t\/>\n\t\t\t\t\t\t\t\t\t<p class=\"e-paragraph-base\" data-interaction-id=\"b73991c\"  data-e-type=\"widget\" data-id=\"b73991c\">\n\t\t\t\t\t\t\t\tSaisissez ici votre paragraphe\n\t\t\t\t\t<\/p>\n\t\t<div class=\"elementor-element elementor-element-a76bee2 e-con-full e-flex e-con e-child\" data-id=\"a76bee2\" data-element_type=\"container\" data-e-type=\"container\">\n\t\t\t\t<\/div>\n\t\t\t\t<\/div>\n\t\t\t\t<div class=\"elementor-element elementor-element-9e7f872 e-con e-atomic-element e-div-block-base\" data-id=\"9e7f872\" data-element_type=\"e-div-block\" data-e-type=\"e-div-block\" data-interaction-id=\"9e7f872\" data-e-type=\"e-div-block\" data-id=\"9e7f872\">\n\t\t\t\t<div class=\"elementor-element elementor-element-db1d9fc elementor-widget elementor-widget-text-editor\" data-id=\"db1d9fc\" data-element_type=\"widget\" data-e-type=\"widget\" data-widget_type=\"text-editor.default\">\n\t\t\t\t\t\t\t\t\t<p>Dipl\u00f4m\u00e9 de l&rsquo;ESSCA, <strong>Herv\u00e9 Pourailly<\/strong> n&rsquo;est pas consultant de formation. Il est entrepreneur par choix, dirigeant par exp\u00e9rience, et conseiller par conviction.<\/p><p><strong>Un double parcours, une double l\u00e9gitimit\u00e9<\/strong><\/p><p>Apr\u00e8s plusieurs ann\u00e9es \u00e0 occuper des fonctions de direction r\u00e9gionale et de filiale au sein de grands groupes \u2014 JCDecaux, Suez \u2014 il y acquiert la ma\u00eetrise les outils de gestion des grandes entreprises et y cultive le go\u00fbt de la rentabilit\u00e9 et de l&rsquo;euro bien investi.<\/p><p>A 40 ans, il renonce \u00e0 son confort de cadre sup\u00e9rieur pour franchir le pas de l&rsquo;entrepreneuriat : il reprend les \u00c9tablissements Lemaitre, une serrurerie nantaise fond\u00e9e en 1905.<\/p><p><strong>L&rsquo;\u00e9cole de la r\u00e9alit\u00e9<\/strong><\/p><p>Ses premi\u00e8res ann\u00e9es en tant que patron co\u00efncident avec la crise des subprimes et l&rsquo;effondrement du march\u00e9 du second \u0153uvre \u2014 tout en remboursant sa dette senior. Une p\u00e9riode exigeante, dont il sort avec des convictions forg\u00e9es dans l&rsquo;adversit\u00e9 :<\/p><ul><li>La solitude du dirigeant de PME\/TPE n&rsquo;est pas un mythe. Savoir s&rsquo;entourer est une condition de survie.<\/li><li>La tr\u00e9sorerie doit \u00eatre une obsession permanente.<\/li><li>Conna\u00eetre ses co\u00fbts et ses marges, c&rsquo;est prot\u00e9ger \u00e0 la fois sa r\u00e9mun\u00e9ration et la valeur de son entreprise le jour o\u00f9 il la revendra.<\/li><li>Reprise et cession sont des \u00e9tapes majeures qui r\u00e9clament m\u00e9thode et accompagnement \u2014 les occasions de se fourvoyer sont nombreuses.<\/li><\/ul><p><strong>La cession v\u00e9cue de l&rsquo;int\u00e9rieur<\/strong><\/p><p>En 2022, Herv\u00e9 c\u00e8de son entreprise. De la pr\u00e9paration du bilan \u00e0 l&rsquo;identification du repreneur, en passant par la n\u00e9gociation, il exp\u00e9rimente personnellement chaque \u00e9tape du parcours de cession. Une exp\u00e9rience pr\u00e9cieuse, qu&rsquo;il met aujourd&rsquo;hui au service des dirigeants qu&rsquo;il accompagne.<\/p><p><strong>Un conseil ancr\u00e9 dans les r\u00e9alit\u00e9s<\/strong><\/p><p>Expert-gestion au sein du r\u00e9seau GCL, Herv\u00e9 Pourailly accompagne les patrons de TPE\/PME dans toutes les phases de vie de leur entreprise : <strong>pilotage, rentabilit\u00e9, transmission<\/strong>. Il s&rsquo;appuie sur son propre v\u00e9cu, les outils du groupe GCL et un r\u00e9seau solide d&rsquo;experts.<\/p><p><strong>Et SKALAND dans tout \u00e7a ?<\/strong><\/p><p>Passionn\u00e9 de road trips \u00e0 moto, Herv\u00e9 d\u00e9couvre lors de l&rsquo;un de ses voyages en solitaire\u00a0 au Cap Nord la r\u00e9gion de <strong>Skaland, en Norv\u00e8ge,<\/strong> bien au-dessus du cercle polaire. Un lieu \u00e0 l&rsquo;\u00e9cart du tumulte, parfois rude, mais qui inspire recul et r\u00e9flexion.<\/p><p>C&rsquo;est cette image d&rsquo;une parenth\u00e8se lucide dans un univers hostile, o\u00f9 la conduite d&rsquo;une moto vous oblige \u00e0 conserver votre sang-froid, qu&rsquo;il a choisi d&rsquo;associer symboliquement \u00e0 son cabinet. Parce qu&rsquo;accompagner un dirigeant, c&rsquo;est d&rsquo;abord l&rsquo;aider \u00e0 lever la t\u00eate du guidon, \u00e0 lire clairement son tableau de bord, et \u00e0 cheminer sereinement vers ses objectifs.<\/p>\t\t\t\t\t\t\t\t<\/div>\n\t\t\t\t<\/div>\n\t\t\t\t\t<\/div>\n\t\t\t\t<\/div>\n\t\t<div class=\"elementor-element elementor-element-87b08d1 e-flex e-con-boxed e-con e-parent\" data-id=\"87b08d1\" data-element_type=\"container\" data-e-type=\"container\">\n\t\t\t\t\t<div class=\"e-con-inner\">\n\t\t<div class=\"elementor-element elementor-element-8a40688 e-con-full e-flex e-con e-child\" data-id=\"8a40688\" data-element_type=\"container\" data-e-type=\"container\">\n\t\t\t\t\t\t\t\n\t\t<img class=\"e-image-base e-d868ede-4a43c10\" \n\t\t\t\t\tdata-interaction-id=\"d868ede\" \n\t\t \n\t\t data-e-type=\"widget\" data-id=\"d868ede\"\n\t\t\t\t\t\t\t\t\tid=\"307\"\n\t\t\t\t\t\t\t\t\t\t\t\tsrc=\"https:\/\/www.skalandconseil.com\/wp-content\/uploads\/2026\/04\/Logoslogan.png\"\n\t\t\t\t\t\t\t\t\t\t\t\twidth=\"1000\"\n\t\t\t\t\t\t\t\t\t\t\t\theight=\"540\"\n\t\t\t\t\t\t\t\t\t\t\t\tsrcset=\"https:\/\/www.skalandconseil.com\/wp-content\/uploads\/2026\/04\/Logoslogan.png 1000w, https:\/\/www.skalandconseil.com\/wp-content\/uploads\/2026\/04\/Logoslogan-300x162.png 300w, https:\/\/www.skalandconseil.com\/wp-content\/uploads\/2026\/04\/Logoslogan-768x415.png 768w\"\n\t\t\t\t\t\t\t\t\t\t\t\talt=\"\"\n\t\t\t\t\t\t\/>\n\t\t\t\t\t<\/div>\n\t\t<div class=\"elementor-element elementor-element-95e86b8 e-con-full e-flex e-con e-child\" data-id=\"95e86b8\" data-element_type=\"container\" data-e-type=\"container\">\n\t\t\t\t<div class=\"elementor-element elementor-element-e666940 elementor-widget elementor-widget-text-editor\" data-id=\"e666940\" data-element_type=\"widget\" data-e-type=\"widget\" data-widget_type=\"text-editor.default\">\n\t\t\t\t\t\t\t\t\t<p class=\"font-claude-response-body break-words whitespace-normal leading-[1.7]\"><strong>SKALAND Conseil, membre du r\u00e9seau GCL EXPERTS GESTION<\/strong><\/p><p class=\"font-claude-response-body break-words whitespace-normal leading-[1.7]\">Choisir Skaland Conseil, c&rsquo;est b\u00e9n\u00e9ficier de l&rsquo;agilit\u00e9 et de la proximit\u00e9 d&rsquo;un consultant ind\u00e9pendant, adoss\u00e9 \u00e0 la solidit\u00e9 d&rsquo;un r\u00e9seau national structur\u00e9 : <strong>GCL Experts-Gestion<\/strong>.<\/p><p class=\"font-claude-response-body break-words whitespace-normal leading-[1.7]\"><strong>Un back-office professionnel \u00e0 votre service<\/strong><\/p><p class=\"font-claude-response-body break-words whitespace-normal leading-[1.7]\">Derri\u00e8re chaque mission, vous b\u00e9n\u00e9ficiez d&rsquo;outils de gestion et de pilotage professionnels \u2014 les logiciels <strong>Zenfirst<\/strong>, \u00e9dit\u00e9s par GCL \u2014 qui permettent une vision en temps r\u00e9el de votre entreprise et des pr\u00e9visions fiables pour \u00e9clairer vos d\u00e9cisions. Pas d&rsquo;approximation, pas de tableur bricol\u00e9 : des outils pens\u00e9s pour le conseil aux dirigeants, ma\u00eetris\u00e9s et d\u00e9ploy\u00e9s au quotidien.<\/p><p class=\"font-claude-response-body break-words whitespace-normal leading-[1.7]\"><strong>Une expertise \u00e0 360\u00b0, mobilisable \u00e0 tout moment<\/strong><\/p><p class=\"font-claude-response-body break-words whitespace-normal leading-[1.7]\">Le groupe GCL, qui a d\u00e9velopp\u00e9 et structure le r\u00e9seau Experts-Gestion, dispose en interne de toutes les comp\u00e9tences techniques dont un dirigeant peut avoir besoin : <strong>expertise comptable, gestion sociale et paie, conseil juridique et fiscal<\/strong>. Ces \u00e9quipes constituent un socle solide sur lequel s&rsquo;appuient les membres du r\u00e9seau au quotidien. En faisant appel \u00e0 Skaland Conseil, vous acc\u00e9dez donc \u2014 au-del\u00e0 du consultant \u2014 \u00e0 un collectif pluridisciplinaire capable de traiter votre situation dans sa globalit\u00e9, sans multiplier les interlocuteurs ni les cabinets.<\/p><p class=\"font-claude-response-body break-words whitespace-normal leading-[1.7]\"><strong>Une cr\u00e9dibilit\u00e9 adoss\u00e9e \u00e0 une m\u00e9thodologie \u00e9prouv\u00e9e<\/strong><\/p><p class=\"font-claude-response-body break-words whitespace-normal leading-[1.7]\">L&rsquo;appartenance au r\u00e9seau GCL Experts-Gestion, ce n&rsquo;est pas un label de fa\u00e7ade. C&rsquo;est une formation rigoureuse dispens\u00e9e par des praticiens en activit\u00e9, une m\u00e9thodologie cl\u00e9 en main test\u00e9e sur le terrain, et un cadre de valeurs partag\u00e9es \u2014 <strong>proximit\u00e9, innovation, expertise<\/strong> \u2014 qui garantissent un niveau d&rsquo;exigence constant. Vous \u00eates accompagn\u00e9 par un consultant form\u00e9, outill\u00e9 et ancr\u00e9 dans un r\u00e9seau qui cultive l&rsquo;excellence professionnelle.<\/p><p class=\"font-claude-response-body break-words whitespace-normal leading-[1.7]\">\u00a0<\/p>\t\t\t\t\t\t\t\t<\/div>\n\t\t\t\t<\/div>\n\t\t\t\t\t<\/div>\n\t\t\t\t<\/div>\n\t\t<div class=\"elementor-element elementor-element-17d8061c e-flex e-con-boxed e-con e-parent\" data-id=\"17d8061c\" data-element_type=\"container\" data-e-type=\"container\">\n\t\t\t\t\t<div class=\"e-con-inner\">\n\t\t<div class=\"elementor-element elementor-element-259586f0 e-con-full e-flex e-con e-child\" data-id=\"259586f0\" data-element_type=\"container\" data-e-type=\"container\">\n\t\t\t\t<div class=\"elementor-element elementor-element-609e8486 elementor-invisible elementor-widget elementor-widget-heading\" data-id=\"609e8486\" data-element_type=\"widget\" data-e-type=\"widget\" data-settings=\"{&quot;_animation&quot;:&quot;fadeIn&quot;}\" data-widget_type=\"heading.default\">\n\t\t\t\t\t<h2 class=\"elementor-heading-title elementor-size-default\">En r\u00e9sum\u00e9 :<\/h2>\t\t\t\t<\/div>\n\t\t\t\t<div class=\"elementor-element elementor-element-2ea988ec elementor-widget elementor-widget-text-editor\" data-id=\"2ea988ec\" data-element_type=\"widget\" data-e-type=\"widget\" data-widget_type=\"text-editor.default\">\n\t\t\t\t\t\t\t\t\t<p class=\"font-claude-response-body break-words whitespace-normal leading-[1.7]\">L&rsquo;ind\u00e9pendance d&rsquo;un entrepreneur qui a v\u00e9cu ce que vous vivez. La structure d&rsquo;un groupe qui r\u00e9unit expertise comptable, juridique, fiscale et sociale. La m\u00e9thode d&rsquo;un r\u00e9seau national qui garantit outils et excellence collective. C&rsquo;est ce que vous apporte Skaland Conseil<\/p>\t\t\t\t\t\t\t\t<\/div>\n\t\t\t\t<div class=\"elementor-element elementor-element-3d33318e elementor-align-right elementor-widget__width-initial elementor-invisible elementor-widget elementor-widget-button\" data-id=\"3d33318e\" data-element_type=\"widget\" data-e-type=\"widget\" data-settings=\"{&quot;_animation&quot;:&quot;fadeIn&quot;,&quot;_animation_delay&quot;:450}\" data-widget_type=\"button.default\">\n\t\t\t\t\t\t\t\t\t\t<a class=\"elementor-button elementor-button-link elementor-size-sm\" href=\"https:\/\/www.skalandconseil.com\/index.php\/contact\/\">\n\t\t\t\t\t\t<span class=\"elementor-button-content-wrapper\">\n\t\t\t\t\t\t\t\t\t<span class=\"elementor-button-text\">Rencontrons-nous !<\/span>\n\t\t\t\t\t<\/span>\n\t\t\t\t\t<\/a>\n\t\t\t\t\t\t\t\t<\/div>\n\t\t\t\t<\/div>\n\t\t\t\t\t<\/div>\n\t\t\t\t<\/div>\n\t\t\t\t<\/div>\n\t\t","protected":false},"excerpt":{"rendered":"<p>Qui sommes-nous ? Si vous consultez cette page, c&rsquo;est que nous partageons probablement un certain nombre de valeurs et d&rsquo;exp\u00e9riences de vie. Un \u00ab\u00a0patron\u00a0\u00bb a ceci de particulier qu&rsquo;il ne peut que rarement se confier \u00e0 ses pairs. Il ne peut pas non plus d\u00e9missionner. Il est certes Dirigeant de son entreprise, mais doit cependant [&hellip;]<\/p>\n","protected":false},"author":1,"featured_media":70,"parent":0,"menu_order":0,"comment_status":"closed","ping_status":"closed","template":"elementor_header_footer","meta":{"_angie_page":false,"footnotes":""},"class_list":["post-58","page","type-page","status-publish","has-post-thumbnail","hentry"],"_links":{"self":[{"href":"https:\/\/www.skalandconseil.com\/index.php\/wp-json\/wp\/v2\/pages\/58","targetHints":{"allow":["GET"]}}],"collection":[{"href":"https:\/\/www.skalandconseil.com\/index.php\/wp-json\/wp\/v2\/pages"}],"about":[{"href":"https:\/\/www.skalandconseil.com\/index.php\/wp-json\/wp\/v2\/types\/page"}],"author":[{"embeddable":true,"href":"https:\/\/www.skalandconseil.com\/index.php\/wp-json\/wp\/v2\/users\/1"}],"replies":[{"embeddable":true,"href":"https:\/\/www.skalandconseil.com\/index.php\/wp-json\/wp\/v2\/comments?post=58"}],"version-history":[{"count":46,"href":"https:\/\/www.skalandconseil.com\/index.php\/wp-json\/wp\/v2\/pages\/58\/revisions"}],"predecessor-version":[{"id":603,"href":"https:\/\/www.skalandconseil.com\/index.php\/wp-json\/wp\/v2\/pages\/58\/revisions\/603"}],"wp:featuredmedia":[{"embeddable":true,"href":"https:\/\/www.skalandconseil.com\/index.php\/wp-json\/wp\/v2\/media\/70"}],"wp:attachment":[{"href":"https:\/\/www.skalandconseil.com\/index.php\/wp-json\/wp\/v2\/media?parent=58"}],"curies":[{"name":"wp","href":"https:\/\/api.w.org\/{rel}","templated":true}]}}